{"id":6296,"date":"2021-08-06T16:06:16","date_gmt":"2021-08-06T16:06:16","guid":{"rendered":"https:\/\/improvecomunicaciones.com\/?page_id=6296"},"modified":"2021-08-31T00:34:08","modified_gmt":"2021-08-31T00:34:08","slug":"helena-rodriguez-navarro","status":"publish","type":"page","link":"https:\/\/improvecomunicaciones.com\/en\/helena-rodriguez-navarro\/","title":{"rendered":"Helena Rodr\u00edguez Navarro"},"content":{"rendered":"<p>[vc_section][vc_row][vc_column]<div class=\"wpb_content_element \"><style type=\"text\/css\">#ut_header_69d11932a2d6a h2.section-title { font-size:45px !important;line-height:55px !important; }<\/style><header id=\"ut_header_69d11932a2d6a\" class=\"section-header  ut-no-title-linebreak-mobile ut-no-lead-linebreak-mobile pt-style-2 header-center header-tablet-center header-mobile-center element-with-custom-line-height\"><div class=\"element-with-custom-line-height\" ><h2 data-title=\"Helena Rodr\u00edguez Navarro\"  data-responsive-font=\"section_title\" data-responsive-font-settings=\"{&quot;base-font-size&quot;:&quot;global&quot;,&quot;font-size&quot;:{&quot;desktop_large&quot;:&quot;45&quot;},&quot;base-line-height&quot;:&quot;global&quot;,&quot;line-height&quot;:{&quot;desktop_large&quot;:&quot;55&quot;},&quot;base-letter-spacing&quot;:&quot;global&quot;}\" class=\"section-title  \"><span>Helena Rodr\u00edguez Navarro<\/span><\/h2><\/div><div data-delay=\"0\" class=\"lead \"><p>Managing Partner<\/p>\n<\/div><\/header><\/div>[\/vc_column][\/vc_row][vc_row][vc_column width=&#8221;1\/2&#8243;]<div class=\"wpb_content_element \"><style type=\"text\/css\">#ut_tm_69d11932a7a17 .bklyn-team-member-social-icons { border-color: #dddddd; }#ut_tm_69d11932a7a17 .bklyn-team-member-social-icons { border-width: 1px; }#ut_tm_69d11932a7a17 .bklyn-team-member-ocupation { color: #0674ec; }#ut_tm_69d11932a7a17 .bklyn-team-member-social-icons a { font-size: 18px; }#ut_tm_69d11932a7a17 .bklyn-team-member-ocupation { font-weight: normal; }#ut_tm_69d11932a7a17 .bklyn-team-member-social-icons a { color: #cccccc; }#ut_tm_69d11932a7a17 .bklyn-team-member-social-icons a:visited { color: #cccccc; }#ut_tm_69d11932a7a17 .bklyn-team-member-social-icons a:hover { color: #0674ec; }#ut_tm_69d11932a7a17 .bklyn-team-member-social-icons a:focus { color: #0674ec; }#ut_tm_69d11932a7a17 .bklyn-team-member-social-icons a:active { color: #0674ec; }<\/style><div id=\"ut_tm_69d11932a7a17\" class=\"bklyn-team-member bklyn-team-member-style-1  bklyn-team-member-left\"><div class=\"bklyn-team-member-avatar \"><img decoding=\"async\" alt=\"Helena_CC\" class=\"ut-lozad\" src=\"data:image\/svg+xml;charset=utf-8,%3Csvg xmlns%3D'http%3A%2F%2Fwww.w3.org%2F2000%2Fsvg' viewBox%3D'0 0 800 600'%2F%3E\" data-src=\"https:\/\/improvecomunicaciones.com\/wp-content\/uploads\/2021\/08\/Helena_CC.jpg\"><\/div><div class=\"bklyn-team-member-info\"><h3 class=\"bklyn-team-member-name\">Helena Rodr\u00edguez Navarro<\/h3><p class=\"bklyn-team-member-ocupation\">Managing Partner<\/p><\/div><div class=\"bklyn-team-member-social-icons \"><ul><li><a title=\"\" href=\"https:\/\/www.linkedin.com\/in\/helenarodrigueznavarro\/\" target=\" _blank\" ><i class=\"fa fa-linkedin\"><\/i><\/a><\/li><li><a title=\"\" href=\"https:\/\/twitter.com\/helerodriguez\" target=\" _blank\" ><i class=\"fa fa-twitter\"><\/i><\/a><\/li><\/ul><\/div><\/div><\/div>[\/vc_column][vc_column width=&#8221;1\/2&#8243;][vc_custom_heading text=&#8221;Experience&#8221; font_container=&#8221;tag:h3|text_align:left&#8221; use_theme_fonts=&#8221;yes&#8221;][vc_column_text]Graduated in Social Communication, with over 20 years experience in corporate communications, advertising and public relations.<\/p>\n<p>Proven track-record in strategy development and implementation, Brand PR, crisis management and product launches. She has lead successful communication campaigns in Latin America and Europe, for companies such as Abbott, Starbucks, Kellogg\u2019s, Diageo, Grupo Argos, Inelectra, European Economic Community, Colgate, Alsea, Procter &amp; Gamble, S.C. Johnson, Gentera Bank, Consejo de Promoci\u00f3n Tur\u00edstica de M\u00e9xico, Pernod Ricard, Deezer, Viva Air and Empresas Polar, among others. She has media trained over 40 General Managers in LATAM.[\/vc_column_text]<div class=\"wpb_content_element \"><style type=\"text\/css\">#ut_pb_69d11932a7ab7 .ut-skill-name { color: #292e36; }#ut_pb_69d11932a7ab7 .ut-skill-progress-thin { background: #0674ec; }#ut_pb_69d11932a7ab7 .ut-skill-tooltip { color: #ffffff; }#ut_pb_69d11932a7ab7 .ut-skill-tooltip { background: rgba(6,116,236, 1); }#ut_pb_69d11932a7ab7 .ut-skill-tooltip::after { border-color: rgba(6,116,236, 1) transparent; }<\/style><div id=\"ut_pb_69d11932a7ab7\" class=\" ut-progress-bar-module-2 ut-progress-bar-percentage-digits-3\"><h3 class=\"ut-skill-name\">Strategic Concept<\/h3><div class=\"ut-skill-bar-thin\"><div class=\"ut-skill-progress-thin ut-skill-active\" data-speed=\"1000\" data-animateonce=\"yes\" data-effecttype=\"skillbar\" data-width=\"100\"><span class=\"ut-skill-tooltip\">100%<\/span><\/div><\/div><\/div><\/div><div class=\"wpb_content_element \"><style type=\"text\/css\">#ut_pb_69d11932a7afa .ut-skill-name { color: #292e36; }#ut_pb_69d11932a7afa .ut-skill-progress-thin { background: #0674ec; }#ut_pb_69d11932a7afa .ut-skill-tooltip { color: #ffffff; }#ut_pb_69d11932a7afa .ut-skill-tooltip { background: rgba(6,116,236, 1); }#ut_pb_69d11932a7afa .ut-skill-tooltip::after { border-color: rgba(6,116,236, 1) transparent; }<\/style><div id=\"ut_pb_69d11932a7afa\" class=\" ut-progress-bar-module-2 ut-progress-bar-percentage-digits-3\"><h3 class=\"ut-skill-name\">Crisis Management<\/h3><div class=\"ut-skill-bar-thin\"><div class=\"ut-skill-progress-thin ut-skill-active\" data-speed=\"1000\" data-animateonce=\"yes\" data-effecttype=\"skillbar\" data-width=\"100\"><span class=\"ut-skill-tooltip\">100%<\/span><\/div><\/div><\/div><\/div><div class=\"wpb_content_element \"><style type=\"text\/css\">#ut_pb_69d11932a7b2c .ut-skill-name { color: #292e36; }#ut_pb_69d11932a7b2c .ut-skill-progress-thin { background: #0674ec; }#ut_pb_69d11932a7b2c .ut-skill-tooltip { color: #ffffff; }#ut_pb_69d11932a7b2c .ut-skill-tooltip { background: rgba(6,116,236, 1); }#ut_pb_69d11932a7b2c .ut-skill-tooltip::after { border-color: rgba(6,116,236, 1) transparent; }<\/style><div id=\"ut_pb_69d11932a7b2c\" class=\" ut-progress-bar-module-2 ut-progress-bar-percentage-digits-3\"><h3 class=\"ut-skill-name\">Speaker Training<\/h3><div class=\"ut-skill-bar-thin\"><div class=\"ut-skill-progress-thin ut-skill-active\" data-speed=\"1000\" data-animateonce=\"yes\" data-effecttype=\"skillbar\" data-width=\"100\"><span class=\"ut-skill-tooltip\">100%<\/span><\/div><\/div><\/div><\/div>[\/vc_column][\/vc_row][\/vc_section]<\/p>\n","protected":false},"excerpt":{"rendered":"<p>[vc_section][vc_row][vc_column][\/vc_column][\/vc_row][vc_row][vc_column width=&#8221;1\/2&#8243;][\/vc_column][vc_column width=&#8221;1\/2&#8243;][vc_custom_heading text=&#8221;Experience&#8221; font_container=&#8221;tag:h3|text_align:left&#8221; use_theme_fonts=&#8221;yes&#8221;][vc_column_text]Graduated in Social Communication, with over 20 years experience in corporate communications, advertising and public relations. Proven track-record in strategy development and implementation, Brand PR, crisis management and product launches. She has lead successful communication campaigns in Latin America and Europe, for companies such as Abbott, Starbucks, Kellogg\u2019s, Diageo, Grupo [&hellip;]<\/p>\n","protected":false},"author":1,"featured_media":0,"parent":0,"menu_order":0,"comment_status":"closed","ping_status":"closed","template":"","meta":{"footnotes":""},"class_list":["post-6296","page","type-page","status-publish","hentry"],"_links":{"self":[{"href":"https:\/\/improvecomunicaciones.com\/en\/wp-json\/wp\/v2\/pages\/6296","targetHints":{"allow":["GET"]}}],"collection":[{"href":"https:\/\/improvecomunicaciones.com\/en\/wp-json\/wp\/v2\/pages"}],"about":[{"href":"https:\/\/improvecomunicaciones.com\/en\/wp-json\/wp\/v2\/types\/page"}],"author":[{"embeddable":true,"href":"https:\/\/improvecomunicaciones.com\/en\/wp-json\/wp\/v2\/users\/1"}],"replies":[{"embeddable":true,"href":"https:\/\/improvecomunicaciones.com\/en\/wp-json\/wp\/v2\/comments?post=6296"}],"version-history":[{"count":9,"href":"https:\/\/improvecomunicaciones.com\/en\/wp-json\/wp\/v2\/pages\/6296\/revisions"}],"predecessor-version":[{"id":6511,"href":"https:\/\/improvecomunicaciones.com\/en\/wp-json\/wp\/v2\/pages\/6296\/revisions\/6511"}],"wp:attachment":[{"href":"https:\/\/improvecomunicaciones.com\/en\/wp-json\/wp\/v2\/media?parent=6296"}],"curies":[{"name":"wp","href":"https:\/\/api.w.org\/{rel}","templated":true}]}}