{"id":6324,"date":"2021-08-06T17:30:55","date_gmt":"2021-08-06T17:30:55","guid":{"rendered":"https:\/\/improvecomunicaciones.com\/?page_id=6324"},"modified":"2021-08-06T17:30:55","modified_gmt":"2021-08-06T17:30:55","slug":"privacy-policy","status":"publish","type":"page","link":"https:\/\/improvecomunicaciones.com\/en\/privacy-policy\/","title":{"rendered":"Privacy Policy"},"content":{"rendered":"<p>Improve Comunicaciones con domicilio en M\u00e9xico, es responsable de recabar sus datos personales, del uso que se le d\u00e9 a los mismos y de su protecci\u00f3n.<\/p>\n<p>De conformidad con lo previsto en la Ley Federal de Protecci\u00f3n de Datos Personales en Posesi\u00f3n de los Particulares (en lo sucesivo denominada como la \u201cLey\u201d) y su Reglamento, nos permitimos solicitarle leer cuidadosamente los T\u00e9rminos y Condiciones contenidos en este Aviso de Privacidad (el \u201cAviso\u201d), ya que el presente Aviso contiene los t\u00e9rminos y condiciones aplicables a los Datos Personales que se recaban por parte de Improve Comunicaciones, en caso de que Usted otorgue su consentimiento. Su informaci\u00f3n personal ser\u00e1 utilizada para proveer los servicios y productos que ha solicitado, informarle sobre cambios en los mismos y evaluar la calidad del servicio que le brindamos.<\/p>\n<p>Como parte normal de sus actividades, y de conformidad con su objeto social l\u00edcito, Improve Comunicaciones en algunos casos recaba y almacena informaci\u00f3n considerada como Datos Personales, en t\u00e9rminos de la Ley y, por tanto, dicha Sociedad es un sujeto regulado por la misma. Los Datos Personales que Usted proporciona al Responsable, o los que se generen mediante las visitas al sitio de Improve Comunicaciones, variar\u00e1n en cada caso en concreto dependiendo de sus actividades en el sitio, y ser\u00e1n los siguientes:<\/p>\n<p>A. En caso de ingresar comentarios a trav\u00e9s del formulario de contacto: al utilizar esta funcionalidad, \u00fanicamente se recabar\u00e1n y almacenar\u00e1n los Datos Personales siguientes: a) Datos Generales: Nombre completo (el que Usted proporcione), su correo electr\u00f3nico y cualquier otro que Usted ingrese en los comentarios. En todos los casos, la exactitud y veracidad de los Datos Personales recabados ser\u00e1 de Usted, ya que es Usted quien tiene acceso a sus perfiles en Redes Sociales y quien ingresa su apodo. B. En todos los casos, al ingresar al Sitio de Improve Comunicaciones, se recabar\u00e1n datos a trav\u00e9s de Cookies y Web Beacons. Dichos elementos recaban la direcci\u00f3n IP, su tipo de navegador y sistema operativo, las p\u00e1ginas de Internet que visita, h\u00e1bitos y patrones de navegaci\u00f3n y consumo, los v\u00ednculos que sigue y el sitio que visit\u00f3 antes de entrar al nuestro. De todos los Datos Personales mencionados anteriormente, se crea un perfil de usuario, que se utiliza para las finalidades descritas m\u00e1s adelante.<\/p>\n<p>Datos Personales Sensibles. Improve Comunicaciones no recaba Datos Personales Sensibles. Sus Datos Personales tendr\u00e1n el uso y tratamiento para las finalidades que en forma taxativa se describen a continuaci\u00f3n: A. Finalidades primarias. a) En caso de llenar el formulario de contacto, para contactarle, resolver sus dudas y plantear una propuesta o posible relaci\u00f3n comercial, en base a sus necesidades o las de la empresa que Usted representa. B. Finalidades secundarias. a) Para identificarle, ubicarle, comunicarle, contactarle, enviarle informaci\u00f3n, as\u00ed como su uso estad\u00edstico y cient\u00edfico (an\u00e1lisis de m\u00e9tricas); b) Para desarrollar, por s\u00ed o a trav\u00e9s de sus afiliadas o cualquier tercero, estudios sobre los intereses, comportamientos y demograf\u00eda de los Titulares, a efecto de comprender mejor sus necesidades e intereses, y ofrecer mejores servicios noticiosos; c) Para mejorar nuestras iniciativas y estrategias comerciales; d) Para analizar las p\u00e1ginas de Internet visitadas, las b\u00fasquedas efectuadas por los Titulares, as\u00ed como para mejorar nuestra oferta de contenido y art\u00edculos, incluyendo su personalizaci\u00f3n, presentaci\u00f3n, programaci\u00f3n y servicios; e) Para enviar informaci\u00f3n v\u00eda correo electr\u00f3nico respecto de noticias o eventos relevantes.<\/p>\n<p>Improve Comunicaciones no transferir\u00e1 sus Datos Personales sin su consentimiento, aunque podr\u00e1 utilizarlos para las finalidades que dependan de terceros, como estad\u00edsticas y el env\u00edo de boletines, sin que exista transferencia de dichos Datos. Si usted no consiente que sus datos personales sean transferidos en los t\u00e9rminos que se\u00f1ala el presente aviso de privacidad puede solicitarlo en su cuenta de soporte.<\/p>\n<p>La temporalidad del manejo de los Datos Personales ser\u00e1 indefinida a partir de la fecha en que Usted los proporcion\u00f3 al Responsable, y desde luego Usted podr\u00e1 oponerse en cualquier momento que lo considere oportuno, para efectos del bloqueo y cancelaci\u00f3n de los mismos. Una vez que Usted entregue al Responsable sus Datos Personales por cualquier medio, le manifestamos que estos ser\u00e1n conservados en un sistema CRM del archivo del propio sitio, cuyo acceso estar\u00e1 limitado solamente al Responsable. Sus datos personales ser\u00e1n tratados en todo momento de manera l\u00edcita y observando los principios de Licitud, Consentimiento, Informaci\u00f3n, Calidad, Finalidad, Lealtad, Proporcionalidad y Responsabilidad, en cumplimiento a lo establecido por la Ley.<\/p>\n<p>Cualquier duda sobre el presente Aviso, sobre sus Datos Personales y su tratamiento, o sobre c\u00f3mo ejercer los derechos descritos a continuaci\u00f3n, la podremos atender en el tel\u00e9fono +52 55 5351 6784, de Lunes a Viernes de 9:00 a 17:00 horas en d\u00edas h\u00e1biles, seg\u00fan corresponda. Usted tendr\u00e1 en todo momento el acceso a sus Datos Personales y\/o Datos Sensibles, ya sea para solicitar su rectificaci\u00f3n, cancelaci\u00f3n, oposici\u00f3n o revocar su consentimiento, de conformidad con lo dispuesto en la Ley (los \u201cDerechos ARCO\u201d), en forma escrita o electr\u00f3nica, a trav\u00e9s del procedimiento que encontrar\u00e1 aqu\u00ed. Deber\u00e1 dirigir su solicitud con atenci\u00f3n Improve Comunicaciones o bien, a la direcci\u00f3n electr\u00f3nica mexico@improvecomunicaciones.com. A dicha solicitud deber\u00e1 acompa\u00f1ar lo siguiente: a. Fotograf\u00eda o scan de su identificaci\u00f3n oficial con fotograf\u00eda y firma aut\u00f3grafa o bien, si act\u00faa en representaci\u00f3n de alguien, adjuntar tambi\u00e9n copia del poder notarizado y\/o registrado ante el Registro P\u00fablico correspondiente y en su caso el acta constitutiva. b. Scan o fotograf\u00eda de un comprobante de domicilio. En el escrito Usted deber\u00e1: i) Se\u00f1alar su nombre o raz\u00f3n social y proporcionar un domicilio f\u00edsico para el despacho de la respuesta, comunicaciones, documentaci\u00f3n y respuestas; ii) Hacernos saber los Datos Personales a los que Usted desea acceder, o desea que sean rectificados, cancelados, revisados, as\u00ed como para oponerse al tratamiento o revocar su consentimiento; iii) Manifestar si conoce o recuerda el prop\u00f3sito para el cual los aport\u00f3 y el nombre del Responsable a quien se los entreg\u00f3; y iv) Establecer de manera clara, respetuosa y concisa su petici\u00f3n, as\u00ed como manifestar cualquier otra informaci\u00f3n o documento que facilite la localizaci\u00f3n de sus Datos Personales. El Responsable contar\u00e1 con un plazo de veinte d\u00edas, contados a partir de recibida la solicitud, para resolverla o requerirle mayor informaci\u00f3n. En caso de que su petici\u00f3n resulte procedente, porque Usted acredit\u00f3 su personalidad y sus Datos Personales pudieron encontrarse en nuestra base de datos, en un lapso no mayor a quince d\u00edas se proceder\u00e1 a su ejecuci\u00f3n. El Responsable le mantendr\u00e1 informado del proceso en todo momento que Usted lo solicite. La respuesta y el acceso a sus Datos, as\u00ed como los documentos de soporte, se le podr\u00e1n entregar, previo acreditamiento de identidad y\/o personalidad, a trav\u00e9s de copias certificadas por la empresa y su representante legal, documentos electr\u00f3nicos o copias simples. Siempre que la solicitud se haga a trav\u00e9s de medios electr\u00f3nicos, se dar\u00e1 preferencia a dichos medios para el env\u00edo de respuestas y resoluciones. En el caso de que el Responsable requiera usar sus Datos Personales con fines diferentes a los se\u00f1alados en el presente Aviso de Privacidad, contactar\u00e1 con Usted ya sea en forma escrita, telef\u00f3nica, electr\u00f3nica, o por cualquier medio \u00f3ptico, sonoro, visual u otro que la tecnolog\u00eda permita ahora o en lo futuro y le explicar\u00e1 los nuevos usos que pretenda darle a dicha informaci\u00f3n a fin de recabar su consentimiento.<\/p>\n","protected":false},"excerpt":{"rendered":"<p>Improve Comunicaciones con domicilio en M\u00e9xico, es responsable de recabar sus datos personales, del uso que se le d\u00e9 a los mismos y de su protecci\u00f3n. De conformidad con lo previsto en la Ley Federal de Protecci\u00f3n de Datos Personales en Posesi\u00f3n de los Particulares (en lo sucesivo denominada como la \u201cLey\u201d) y su Reglamento, [&hellip;]<\/p>\n","protected":false},"author":1,"featured_media":0,"parent":0,"menu_order":0,"comment_status":"closed","ping_status":"open","template":"","meta":{"footnotes":""},"class_list":["post-6324","page","type-page","status-publish","hentry"],"_links":{"self":[{"href":"https:\/\/improvecomunicaciones.com\/en\/wp-json\/wp\/v2\/pages\/6324","targetHints":{"allow":["GET"]}}],"collection":[{"href":"https:\/\/improvecomunicaciones.com\/en\/wp-json\/wp\/v2\/pages"}],"about":[{"href":"https:\/\/improvecomunicaciones.com\/en\/wp-json\/wp\/v2\/types\/page"}],"author":[{"embeddable":true,"href":"https:\/\/improvecomunicaciones.com\/en\/wp-json\/wp\/v2\/users\/1"}],"replies":[{"embeddable":true,"href":"https:\/\/improvecomunicaciones.com\/en\/wp-json\/wp\/v2\/comments?post=6324"}],"version-history":[{"count":1,"href":"https:\/\/improvecomunicaciones.com\/en\/wp-json\/wp\/v2\/pages\/6324\/revisions"}],"predecessor-version":[{"id":6325,"href":"https:\/\/improvecomunicaciones.com\/en\/wp-json\/wp\/v2\/pages\/6324\/revisions\/6325"}],"wp:attachment":[{"href":"https:\/\/improvecomunicaciones.com\/en\/wp-json\/wp\/v2\/media?parent=6324"}],"curies":[{"name":"wp","href":"https:\/\/api.w.org\/{rel}","templated":true}]}}